{"id":100,"date":"2026-02-10T22:30:15","date_gmt":"2026-02-10T22:30:15","guid":{"rendered":"https:\/\/alianzademotores.org\/?page_id=100"},"modified":"2026-02-12T21:05:16","modified_gmt":"2026-02-12T21:05:16","slug":"facebook","status":"publish","type":"page","link":"https:\/\/alianzademotores.org\/?page_id=100","title":{"rendered":"\u00bfQUI\u00c9NES SOMOS?"},"content":{"rendered":"\n<p class=\"has-text-align-center\"><strong>Alianza de motores. Un proyecto de bien social con pasi\u00f3n por los veh\u00edculos. Alianza de<br>motores es una organizaci\u00f3n sin fines de lucro que organiza eventos de motor para apoyar<br>causas sociales y ayudar a quienes m\u00e1s lo necesitan.<\/strong><\/p>\n\n\n\n<p class=\"has-text-align-center\"><strong><br>Su misi\u00f3n es usar la pasi\u00f3n por los veh\u00edculos y la cultura del motor para generar un impacto<br>positivo en la comunidad, promoviendo la solidaridad y el bienestar social. Alianza de motores<br>demuestra que el mundo de los veh\u00edculos puede ser mucho m\u00e1s que una pasi\u00f3n individual,<br>si no tambi\u00e9n una herramienta poderosa para unir a las personas y crear un cambio real en las<br>comunidades que m\u00e1s lo necesitan<\/strong>.<\/p>\n\n\n\n<p><\/p>\n\n\n\n<figure class=\"wp-block-gallery has-nested-images columns-default is-cropped wp-block-gallery-1 is-layout-flex wp-block-gallery-is-layout-flex\">\n<figure class=\"wp-block-image size-large\"><img loading=\"lazy\" decoding=\"async\" width=\"1024\" height=\"768\" data-id=\"270\" src=\"https:\/\/alianzademotores.org\/wp-content\/uploads\/2026\/02\/ADM3-1024x768.jpeg\" alt=\"\" class=\"wp-image-270\" srcset=\"https:\/\/alianzademotores.org\/wp-content\/uploads\/2026\/02\/ADM3-1024x768.jpeg 1024w, https:\/\/alianzademotores.org\/wp-content\/uploads\/2026\/02\/ADM3-300x225.jpeg 300w, https:\/\/alianzademotores.org\/wp-content\/uploads\/2026\/02\/ADM3-768x576.jpeg 768w, https:\/\/alianzademotores.org\/wp-content\/uploads\/2026\/02\/ADM3-1536x1152.jpeg 1536w, https:\/\/alianzademotores.org\/wp-content\/uploads\/2026\/02\/ADM3.jpeg 1600w\" sizes=\"auto, (max-width: 1024px) 100vw, 1024px\" \/><\/figure>\n\n\n\n<figure class=\"wp-block-image size-large\"><img loading=\"lazy\" decoding=\"async\" width=\"1024\" height=\"718\" data-id=\"269\" src=\"https:\/\/alianzademotores.org\/wp-content\/uploads\/2026\/02\/ADM2-1024x718.jpeg\" alt=\"\" class=\"wp-image-269\" srcset=\"https:\/\/alianzademotores.org\/wp-content\/uploads\/2026\/02\/ADM2-1024x718.jpeg 1024w, https:\/\/alianzademotores.org\/wp-content\/uploads\/2026\/02\/ADM2-300x210.jpeg 300w, https:\/\/alianzademotores.org\/wp-content\/uploads\/2026\/02\/ADM2-768x539.jpeg 768w, https:\/\/alianzademotores.org\/wp-content\/uploads\/2026\/02\/ADM2-1536x1077.jpeg 1536w, https:\/\/alianzademotores.org\/wp-content\/uploads\/2026\/02\/ADM2.jpeg 1600w\" sizes=\"auto, (max-width: 1024px) 100vw, 1024px\" \/><\/figure>\n\n\n\n<figure class=\"wp-block-image size-large\"><img loading=\"lazy\" decoding=\"async\" width=\"682\" height=\"1024\" data-id=\"268\" src=\"https:\/\/alianzademotores.org\/wp-content\/uploads\/2026\/02\/ADM1-682x1024.jpeg\" alt=\"\" class=\"wp-image-268\" srcset=\"https:\/\/alianzademotores.org\/wp-content\/uploads\/2026\/02\/ADM1-682x1024.jpeg 682w, https:\/\/alianzademotores.org\/wp-content\/uploads\/2026\/02\/ADM1-200x300.jpeg 200w, https:\/\/alianzademotores.org\/wp-content\/uploads\/2026\/02\/ADM1-768x1153.jpeg 768w, https:\/\/alianzademotores.org\/wp-content\/uploads\/2026\/02\/ADM1-1023x1536.jpeg 1023w, https:\/\/alianzademotores.org\/wp-content\/uploads\/2026\/02\/ADM1.jpeg 1066w\" sizes=\"auto, (max-width: 682px) 100vw, 682px\" \/><\/figure>\n<\/figure>\n\n\n\n<figure class=\"wp-block-video\"><\/figure>\n\n\n\n<figure class=\"wp-block-audio\"><audio controls src=\"https:\/\/alianzademotores.org\/wp-content\/uploads\/2026\/02\/Alianza-de-motores-proyecto.mp3\"><\/audio><figcaption class=\"wp-element-caption\">QUIENES SOMOS<\/figcaption><\/figure>\n\n\n\n<div class=\"wp-block-cover\"><img loading=\"lazy\" decoding=\"async\" width=\"1023\" height=\"912\" class=\"wp-block-cover__image-background wp-image-26 size-full\" alt=\"\" src=\"https:\/\/alianzademotores.org\/wp-content\/uploads\/2026\/02\/a-dcfa-ds.jpeg\" data-object-fit=\"cover\" srcset=\"https:\/\/alianzademotores.org\/wp-content\/uploads\/2026\/02\/a-dcfa-ds.jpeg 1023w, https:\/\/alianzademotores.org\/wp-content\/uploads\/2026\/02\/a-dcfa-ds-300x267.jpeg 300w, https:\/\/alianzademotores.org\/wp-content\/uploads\/2026\/02\/a-dcfa-ds-768x685.jpeg 768w\" sizes=\"auto, (max-width: 1023px) 100vw, 1023px\" \/><span aria-hidden=\"true\" class=\"wp-block-cover__background has-background-dim\" style=\"background-color:#64604f\"><\/span><div class=\"wp-block-cover__inner-container has-global-padding is-layout-constrained wp-block-cover-is-layout-constrained\">\n<blockquote class=\"wp-block-quote is-layout-flow wp-block-quote-is-layout-flow\">\n<h2 class=\"wp-block-heading has-text-align-left\"><\/h2>\n<\/blockquote>\n<\/div><\/div>\n\n\n\n<p><\/p>\n","protected":false},"excerpt":{"rendered":"<p>Alianza de motores. Un proyecto de bien social con pasi\u00f3n por los veh\u00edculos. Alianza demotores es una organizaci\u00f3n sin fines de lucro que organiza eventos de motor para apoyarcausas sociales y ayudar a quienes m\u00e1s lo necesitan. Su misi\u00f3n es usar la pasi\u00f3n por los veh\u00edculos y la cultura del motor para generar un impactopositivo [&hellip;]<\/p>\n","protected":false},"author":1,"featured_media":0,"parent":0,"menu_order":0,"comment_status":"closed","ping_status":"closed","template":"","meta":{"footnotes":""},"class_list":["post-100","page","type-page","status-publish","hentry"],"_links":{"self":[{"href":"https:\/\/alianzademotores.org\/index.php?rest_route=\/wp\/v2\/pages\/100","targetHints":{"allow":["GET"]}}],"collection":[{"href":"https:\/\/alianzademotores.org\/index.php?rest_route=\/wp\/v2\/pages"}],"about":[{"href":"https:\/\/alianzademotores.org\/index.php?rest_route=\/wp\/v2\/types\/page"}],"author":[{"embeddable":true,"href":"https:\/\/alianzademotores.org\/index.php?rest_route=\/wp\/v2\/users\/1"}],"replies":[{"embeddable":true,"href":"https:\/\/alianzademotores.org\/index.php?rest_route=%2Fwp%2Fv2%2Fcomments&post=100"}],"version-history":[{"count":4,"href":"https:\/\/alianzademotores.org\/index.php?rest_route=\/wp\/v2\/pages\/100\/revisions"}],"predecessor-version":[{"id":272,"href":"https:\/\/alianzademotores.org\/index.php?rest_route=\/wp\/v2\/pages\/100\/revisions\/272"}],"wp:attachment":[{"href":"https:\/\/alianzademotores.org\/index.php?rest_route=%2Fwp%2Fv2%2Fmedia&parent=100"}],"curies":[{"name":"wp","href":"https:\/\/api.w.org\/{rel}","templated":true}]}}